{"id":926,"date":"2022-09-21T23:25:26","date_gmt":"2022-09-21T23:25:26","guid":{"rendered":"http:\/\/localhost\/ifpelac\/?page_id=926"},"modified":"2025-08-29T10:37:39","modified_gmt":"2025-08-29T10:37:39","slug":"contactos","status":"publish","type":"page","link":"https:\/\/ifpelac.gov.mz\/index.php\/contactos\/","title":{"rendered":"Contactos"},"content":{"rendered":"\t\t<div data-elementor-type=\"wp-page\" data-elementor-id=\"926\" class=\"elementor elementor-926\">\n\t\t\t\t\t\t<section class=\"elementor-section elementor-top-section elementor-element elementor-element-78732759 elementor-section-full_width elementor-section-stretched elementor-section-height-default elementor-section-height-default wpr-particle-no wpr-jarallax-no wpr-parallax-no wpr-sticky-section-no\" data-id=\"78732759\" data-element_type=\"section\" data-settings=\"{&quot;background_background&quot;:&quot;classic&quot;,&quot;stretch_section&quot;:&quot;section-stretched&quot;}\">\n\t\t\t\t\t\t<div class=\"elementor-container elementor-column-gap-default\">\n\t\t\t\t\t<div class=\"elementor-column elementor-col-100 elementor-top-column elementor-element elementor-element-3c40b785\" data-id=\"3c40b785\" data-element_type=\"column\">\n\t\t\t<div class=\"elementor-widget-wrap elementor-element-populated\">\n\t\t\t\t\t\t<div class=\"elementor-element elementor-element-81752ba elementor-widget elementor-widget-html\" data-id=\"81752ba\" data-element_type=\"widget\" data-widget_type=\"html.default\">\n\t\t\t\t<div class=\"elementor-widget-container\">\n\t\t\t\t\t<!-- Container HTML para Elementor -->\r\n<div style=\"max-width:1000px; margin:auto; padding:50px 20px; font-family:Arial, sans-serif;\">\r\n\r\n  <!-- Caixa din\u00e2mica com sombra e borda arredondada -->\r\n  <div style=\"display:flex; flex-wrap:wrap; gap:40px; background:linear-gradient(135deg, #0073e6, #00bfff); border-radius:25px; box-shadow:0 15px 40px rgba(0,0,0,0.2); color:#fff; padding:40px;\">\r\n\r\n    <!-- Coluna esquerda: T\u00edtulo e subt\u00edtulo com anima\u00e7\u00e3o -->\r\n    <div style=\"flex:1 1 350px; min-width:300px; display:flex; flex-direction:column; justify-content:center; animation:fadeInUp 1s ease forwards;\">\r\n      <h2 style=\"margin-bottom:10px; font-size:32px; text-align:center; text-shadow:2px 2px 8px rgba(0,0,0,0.3);\">Contacte-nos<\/h2>\r\n      <p style=\"text-align:center; font-size:18px; opacity:0.9;\">Estamos prontos para responder \u00e0s suas d\u00favidas<\/p>\r\n    <\/div>\r\n\r\n    <!-- Coluna direita: Formul\u00e1rio -->\r\n    \r\n\r\n  <\/div>\r\n<\/div>\r\n\r\n<!-- Anima\u00e7\u00e3o CSS -->\r\n<style>\r\n  @keyframes fadeInUp {\r\n    0% { opacity:0; transform:translateY(30px);}\r\n    100% { opacity:1; transform:translateY(0);}\r\n  }\r\n\r\n  @keyframes fadeInRight {\r\n    0% { opacity:0; transform:translateX(30px);}\r\n    100% { opacity:1; transform:translateX(0);}\r\n  }\r\n\r\n  \/* Estilo do Contact Form 7 dentro da caixa *\/\r\n  .wpcf7 form {\r\n    display:flex;\r\n    flex-direction:column;\r\n    gap:15px;\r\n    font-family:Arial, sans-serif;\r\n  }\r\n\r\n  .wpcf7 input[type=\"text\"],\r\n  .wpcf7 input[type=\"email\"],\r\n  .wpcf7 textarea {\r\n    width:100%;\r\n    padding:12px 15px;\r\n    border:1px solid #ccc;\r\n    border-radius:10px;\r\n    transition:border-color 0.3s, box-shadow 0.3s;\r\n  }\r\n\r\n  .wpcf7 input:focus,\r\n  .wpcf7 textarea:focus {\r\n    border-color:#0073e6;\r\n    box-shadow:0 0 8px rgba(0,115,230,0.3);\r\n    outline:none;\r\n  }\r\n\r\n  .wpcf7 input[type=\"submit\"] {\r\n    background:#0073e6;\r\n    color:#fff;\r\n    padding:15px 25px;\r\n    border:none;\r\n    border-radius:50px;\r\n    font-size:16px;\r\n    cursor:pointer;\r\n    transition:background 0.3s, transform 0.3s;\r\n  }\r\n\r\n  .wpcf7 input[type=\"submit\"]:hover {\r\n    background:#005bb5;\r\n    transform:translateY(-3px);\r\n  }\r\n<\/style>\r\n\t\t\t\t<\/div>\n\t\t\t\t<\/div>\n\t\t\t\t\t<\/div>\n\t\t<\/div>\n\t\t\t\t\t<\/div>\n\t\t<\/section>\n\t\t\t\t<section class=\"elementor-section elementor-top-section elementor-element elementor-element-1029d8c9 elementor-section-full_width elementor-section-stretched elementor-section-height-default elementor-section-height-default wpr-particle-no wpr-jarallax-no wpr-parallax-no wpr-sticky-section-no\" data-id=\"1029d8c9\" data-element_type=\"section\" data-settings=\"{&quot;stretch_section&quot;:&quot;section-stretched&quot;}\">\n\t\t\t\t\t\t<div class=\"elementor-container elementor-column-gap-default\">\n\t\t\t\t\t<div class=\"elementor-column elementor-col-100 elementor-top-column elementor-element elementor-element-21f02c4c\" data-id=\"21f02c4c\" data-element_type=\"column\">\n\t\t\t<div class=\"elementor-widget-wrap elementor-element-populated\">\n\t\t\t\t\t\t<div class=\"elementor-element elementor-element-599e8e9 elementor-widget elementor-widget-html\" data-id=\"599e8e9\" data-element_type=\"widget\" data-widget_type=\"html.default\">\n\t\t\t\t<div class=\"elementor-widget-container\">\n\t\t\t\t\t<!-- Container das informa\u00e7\u00f5es de contato -->\r\n<div style=\"max-width:800px; margin:auto; padding:40px; background:linear-gradient(135deg, #0073e6, #00bfff); border-radius:20px; color:#fff; font-family:Arial, sans-serif; box-shadow:0 10px 30px rgba(0,0,0,0.2);\">\r\n\r\n\r\n\r\n  <div style=\"display:flex; flex-wrap:wrap; justify-content:space-between; gap:20px;\">\r\n\r\n    <!-- Endere\u00e7o -->\r\n    <div style=\"flex:1 1 250px; display:flex; align-items:center; gap:15px; opacity:0; animation:fadeInLeft 1s forwards;\">\r\n      <i class=\"fas fa-map-marker-alt\" style=\"font-size:28px;\"><\/i>\r\n      <div>\r\n        <h4 style=\"margin:0 0 5px;\">Endere\u00e7o<\/h4>\r\n        <p style=\"margin:0;\">AV. FPLM, n\u00ba 1707, Maputo - Mo\u00e7ambique<\/p>\r\n      <\/div>\r\n    <\/div>\r\n\r\n    <!-- Telefone -->\r\n    <div style=\"flex:1 1 250px; display:flex; align-items:center; gap:15px; opacity:0; animation:fadeInLeft 1s forwards; animation-delay:0.2s;\">\r\n      <i class=\"fas fa-phone\" style=\"font-size:28px;\"><\/i>\r\n      <div>\r\n        <h4 style=\"margin:0 0 5px;\">Telefone<\/h4>\r\n        <p style=\"margin:0;\">+258 843892498<\/p>\r\n      <\/div>\r\n    <\/div>\r\n\r\n    <!-- Email -->\r\n    <div style=\"flex:1 1 250px; display:flex; align-items:center; gap:15px; opacity:0; animation:fadeInLeft 1s forwards; animation-delay:0.4s;\">\r\n      <i class=\"fas fa-envelope\" style=\"font-size:28px;\"><\/i>\r\n      <div>\r\n        <h4 style=\"margin:0 0 5px;\">Email<\/h4>\r\n        <p style=\"margin:0;\">info@ifpelac.gov.mz<\/p>\r\n      <\/div>\r\n    <\/div>\r\n\r\n    <!-- Website -->\r\n    <div style=\"flex:1 1 250px; display:flex; align-items:center; gap:15px; opacity:0; animation:fadeInLeft 1s forwards; animation-delay:0.6s;\">\r\n      <i class=\"fas fa-globe\" style=\"font-size:28px;\"><\/i>\r\n      <div>\r\n        <h4 style=\"margin:0 0 5px;\">Website<\/h4>\r\n        <p style=\"margin:0;\">www.ifpelac.gov.mz<\/p>\r\n      <\/div>\r\n    <\/div>\r\n\r\n  <\/div>\r\n<\/div>\r\n\r\n<!-- Font Awesome -->\r\n<script src=\"https:\/\/kit.fontawesome.com\/a076d05399.js\" crossorigin=\"anonymous\"><\/script>\r\n\r\n<!-- Anima\u00e7\u00e3o CSS -->\r\n<style>\r\n  @keyframes fadeInLeft {\r\n    from {opacity:0; transform:translateX(-30px);}\r\n    to {opacity:1; transform:translateX(0);}\r\n  }\r\n<\/style>\r\n\t\t\t\t<\/div>\n\t\t\t\t<\/div>\n\t\t\t\t<div class=\"elementor-element elementor-element-3178cf6 elementor-widget elementor-widget-google_maps\" data-id=\"3178cf6\" data-element_type=\"widget\" data-widget_type=\"google_maps.default\">\n\t\t\t\t<div class=\"elementor-widget-container\">\n\t\t\t\t\t\t\t<div class=\"elementor-custom-embed\">\n\t\t\t<iframe loading=\"lazy\"\n\t\t\t\t\tsrc=\"https:\/\/maps.google.com\/maps?q=AV.%20FPLM%2C%20n%C2%BA%201707%2C%20Maputo%20-%20Mo%C3%A7ambique&#038;t=m&#038;z=10&#038;output=embed&#038;iwloc=near\"\n\t\t\t\t\ttitle=\"AV. FPLM, n\u00ba 1707, Maputo - Mo\u00e7ambique\"\n\t\t\t\t\taria-label=\"AV. FPLM, n\u00ba 1707, Maputo - Mo\u00e7ambique\"\n\t\t\t><\/iframe>\n\t\t<\/div>\n\t\t\t\t\t\t<\/div>\n\t\t\t\t<\/div>\n\t\t\t\t\t<\/div>\n\t\t<\/div>\n\t\t\t\t<div class=\"elementor-column elementor-col-100 elementor-top-column elementor-element elementor-element-fc13263\" data-id=\"fc13263\" data-element_type=\"column\">\n\t\t\t<div class=\"elementor-widget-wrap elementor-element-populated\">\n\t\t\t\t\t\t<div class=\"elementor-element elementor-element-7182b73 elementor-widget elementor-widget-shortcode\" data-id=\"7182b73\" data-element_type=\"widget\" data-widget_type=\"shortcode.default\">\n\t\t\t\t<div class=\"elementor-widget-container\">\n\t\t\t\t\t\t\t<div class=\"elementor-shortcode\"><div role=\"form\" class=\"wpcf7\" id=\"wpcf7-f1815-o1\" lang=\"pt-PT\" dir=\"ltr\">\n<div class=\"screen-reader-response\"><p role=\"status\" aria-live=\"polite\" aria-atomic=\"true\"><\/p> <ul><\/ul><\/div>\n<form action=\"\/index.php\/wp-json\/wp\/v2\/pages\/926#wpcf7-f1815-o1\" method=\"post\" class=\"wpcf7-form init\" novalidate=\"novalidate\" data-status=\"init\">\n<div style=\"display: none;\">\n<input type=\"hidden\" name=\"_wpcf7\" value=\"1815\" \/>\n<input type=\"hidden\" name=\"_wpcf7_version\" value=\"5.6.3\" \/>\n<input type=\"hidden\" name=\"_wpcf7_locale\" value=\"pt_PT\" \/>\n<input type=\"hidden\" name=\"_wpcf7_unit_tag\" value=\"wpcf7-f1815-o1\" \/>\n<input type=\"hidden\" name=\"_wpcf7_container_post\" value=\"0\" \/>\n<input type=\"hidden\" name=\"_wpcf7_posted_data_hash\" value=\"\" \/>\n<\/div>\n<p><label>Nome<br \/>\n    <span class=\"wpcf7-form-control-wrap\" data-name=\"your-name\"><input type=\"text\" name=\"your-name\" value=\"\" size=\"40\" class=\"wpcf7-form-control wpcf7-text wpcf7-validates-as-required\" aria-required=\"true\" aria-invalid=\"false\" placeholder=\"Seu nome completo\" \/><\/span><br \/>\n<\/label><\/p>\n<p><label>Email<br \/>\n    <span class=\"wpcf7-form-control-wrap\" data-name=\"your-email\"><input type=\"email\" name=\"your-email\" value=\"\" size=\"40\" class=\"wpcf7-form-control wpcf7-text wpcf7-email wpcf7-validates-as-required wpcf7-validates-as-email\" aria-required=\"true\" aria-invalid=\"false\" placeholder=\"Seu email\" \/><\/span><br \/>\n<\/label><\/p>\n<p><label>Telefone<br \/>\n    <span class=\"wpcf7-form-control-wrap\" data-name=\"your-tel\"><input type=\"tel\" name=\"your-tel\" value=\"\" size=\"40\" class=\"wpcf7-form-control wpcf7-text wpcf7-tel wpcf7-validates-as-required wpcf7-validates-as-tel\" aria-required=\"true\" aria-invalid=\"false\" placeholder=\"Seu n\u00famero de telefone\" \/><\/span><br \/>\n<\/label><\/p>\n<p><label>Assunto<br \/>\n    <span class=\"wpcf7-form-control-wrap\" data-name=\"your-subject\"><input type=\"text\" name=\"your-subject\" value=\"\" size=\"40\" class=\"wpcf7-form-control wpcf7-text\" aria-invalid=\"false\" placeholder=\"Assunto da mensagem\" \/><\/span><br \/>\n<\/label><\/p>\n<p><label>Mensagem<br \/>\n    <span class=\"wpcf7-form-control-wrap\" data-name=\"your-message\"><textarea name=\"your-message\" cols=\"40\" rows=\"10\" class=\"wpcf7-form-control wpcf7-textarea wpcf7-validates-as-required\" aria-required=\"true\" aria-invalid=\"false\" placeholder=\"Escreva sua mensagem aqui...\"><\/textarea><\/span><br \/>\n<\/label><\/p>\n<p><input type=\"submit\" value=\"Enviar Mensagem\" class=\"wpcf7-form-control has-spinner wpcf7-submit\" \/><\/p>\n<div class=\"wpcf7-response-output\" aria-hidden=\"true\"><\/div><\/form><\/div><\/div>\n\t\t\t\t\t\t<\/div>\n\t\t\t\t<\/div>\n\t\t\t\t\t<\/div>\n\t\t<\/div>\n\t\t\t\t\t<\/div>\n\t\t<\/section>\n\t\t\t\t<\/div>\n\t\t","protected":false},"excerpt":{"rendered":"<p>Contacte-nos Estamos prontos para responder \u00e0s suas d\u00favidas Endere\u00e7o AV. FPLM, n\u00ba 1707, Maputo &#8211; Mo\u00e7ambique Telefone +258 843892498 Email info@ifpelac.gov.mz Website www.ifpelac.gov.mz<\/p>\n","protected":false},"author":1,"featured_media":0,"parent":0,"menu_order":0,"comment_status":"closed","ping_status":"closed","template":"","meta":{"_mc_calendar":[],"footnotes":""},"class_list":["post-926","page","type-page","status-publish","hentry"],"_links":{"self":[{"href":"https:\/\/ifpelac.gov.mz\/index.php\/wp-json\/wp\/v2\/pages\/926","targetHints":{"allow":["GET"]}}],"collection":[{"href":"https:\/\/ifpelac.gov.mz\/index.php\/wp-json\/wp\/v2\/pages"}],"about":[{"href":"https:\/\/ifpelac.gov.mz\/index.php\/wp-json\/wp\/v2\/types\/page"}],"author":[{"embeddable":true,"href":"https:\/\/ifpelac.gov.mz\/index.php\/wp-json\/wp\/v2\/users\/1"}],"replies":[{"embeddable":true,"href":"https:\/\/ifpelac.gov.mz\/index.php\/wp-json\/wp\/v2\/comments?post=926"}],"version-history":[{"count":50,"href":"https:\/\/ifpelac.gov.mz\/index.php\/wp-json\/wp\/v2\/pages\/926\/revisions"}],"predecessor-version":[{"id":1849,"href":"https:\/\/ifpelac.gov.mz\/index.php\/wp-json\/wp\/v2\/pages\/926\/revisions\/1849"}],"wp:attachment":[{"href":"https:\/\/ifpelac.gov.mz\/index.php\/wp-json\/wp\/v2\/media?parent=926"}],"curies":[{"name":"wp","href":"https:\/\/api.w.org\/{rel}","templated":true}]}}